{"id":2682,"date":"2023-06-26T08:40:39","date_gmt":"2023-06-26T08:40:39","guid":{"rendered":"https:\/\/formaciones.brossahleyton.com\/wp\/?page_id=2682"},"modified":"2024-04-01T13:49:06","modified_gmt":"2024-04-01T13:49:06","slug":"cursos","status":"publish","type":"page","link":"https:\/\/formaciones.brossahleyton.com\/wp\/","title":{"rendered":"Cursos"},"content":{"rendered":"<p>[et_pb_section fb_built=&#8221;1&#8243; _builder_version=&#8221;4.21.0&#8243; _module_preset=&#8221;default&#8221; global_colors_info=&#8221;{}&#8221;][et_pb_row _builder_version=&#8221;4.21.2&#8243; _module_preset=&#8221;default&#8221; global_colors_info=&#8221;{}&#8221;][et_pb_column type=&#8221;4_4&#8243; _builder_version=&#8221;4.21.2&#8243; _module_preset=&#8221;default&#8221; global_colors_info=&#8221;{}&#8221;][et_pb_text _builder_version=&#8221;4.21.2&#8243; _module_preset=&#8221;default&#8221; text_font_size=&#8221;18px&#8221; global_colors_info=&#8221;{}&#8221;]<\/p>\n<p>Hemos migrado los cursos que encontrabas en la p\u00e1gina principal a este espacio donde encontrar\u00e1s todas tus formaciones juntas, si ten\u00edas alg\u00fan curso o c\u00e1psula en la p\u00e1gina anterior y no la encuentras, escribe a: <a href=\"mailto:info@brossahleyton.com\">info@brossahleyton.com<\/a>\u00a0y lo resolvemos.<\/p>\n<p>[\/et_pb_text][\/et_pb_column][\/et_pb_row][et_pb_row _builder_version=&#8221;4.21.0&#8243; _module_preset=&#8221;default&#8221; global_colors_info=&#8221;{}&#8221;][et_pb_column type=&#8221;4_4&#8243; _builder_version=&#8221;4.21.0&#8243; _module_preset=&#8221;default&#8221; global_colors_info=&#8221;{}&#8221;][divi_learndash_course_grid per_page=&#8221;7&#8243; category=&#8221;4,49&#8243; show_author=&#8221;off&#8221; show_price_tag=&#8221;off&#8221; show_free_tag=&#8221;off&#8221; button_text=&#8221;ACCEDE AHORA&#8221; _builder_version=&#8221;4.21.2&#8243; _module_preset=&#8221;default&#8221; header_font=&#8221;Roboto|||on|||||&#8221; header_letter_spacing=&#8221;1px&#8221; header_line_height=&#8221;1.3em&#8221; custom_course_button=&#8221;on&#8221; course_button_text_color=&#8221;#e87c1e&#8221; course_button_border_width=&#8221;1px&#8221; course_button_border_radius=&#8221;0px&#8221; course_button_use_icon=&#8221;off&#8221; hover_enabled=&#8221;0&#8243; box_shadow_style_course=&#8221;preset1&#8243; global_colors_info=&#8221;{}&#8221; sticky_enabled=&#8221;0&#8243;][\/divi_learndash_course_grid][\/et_pb_column][\/et_pb_row][et_pb_row _builder_version=&#8221;4.21.0&#8243; _module_preset=&#8221;default&#8221; global_colors_info=&#8221;{}&#8221;][et_pb_column type=&#8221;4_4&#8243; _builder_version=&#8221;4.21.0&#8243; _module_preset=&#8221;default&#8221; global_colors_info=&#8221;{}&#8221;][divi_learndash_course_grid category=&#8221;38&#8243; show_author=&#8221;off&#8221; show_price_tag=&#8221;off&#8221; show_free_tag=&#8221;off&#8221; button_text=&#8221;ACCEDE AHORA&#8221; _builder_version=&#8221;4.21.2&#8243; _module_preset=&#8221;default&#8221; custom_course_button=&#8221;on&#8221; course_button_text_color=&#8221;#e87c1e&#8221; hover_enabled=&#8221;0&#8243; global_colors_info=&#8221;{}&#8221; disabled_on=&#8221;on|on|on&#8221; disabled=&#8221;on&#8221; sticky_enabled=&#8221;0&#8243;][\/divi_learndash_course_grid][\/et_pb_column][\/et_pb_row][et_pb_row _builder_version=&#8221;4.21.0&#8243; _module_preset=&#8221;default&#8221; global_colors_info=&#8221;{}&#8221;][et_pb_column type=&#8221;4_4&#8243; _builder_version=&#8221;4.21.0&#8243; _module_preset=&#8221;default&#8221; global_colors_info=&#8221;{}&#8221;][divi_learndash_course_grid category=&#8221;56,61,53&#8243; show_author=&#8221;off&#8221; show_price_tag=&#8221;off&#8221; show_free_tag=&#8221;off&#8221; button_text=&#8221;ACCEDE AHORA&#8221; _builder_version=&#8221;4.21.2&#8243; _module_preset=&#8221;default&#8221; custom_course_button=&#8221;on&#8221; course_button_text_color=&#8221;#e87c1e&#8221; course_button_border_width=&#8221;1px&#8221; global_colors_info=&#8221;{}&#8221;][\/divi_learndash_course_grid][\/et_pb_column][\/et_pb_row][et_pb_row _builder_version=&#8221;4.21.0&#8243; _module_preset=&#8221;default&#8221; global_colors_info=&#8221;{}&#8221;][et_pb_column type=&#8221;4_4&#8243; _builder_version=&#8221;4.21.0&#8243; _module_preset=&#8221;default&#8221; global_colors_info=&#8221;{}&#8221;][\/et_pb_column][\/et_pb_row][\/et_pb_section]<\/p>\n","protected":false},"excerpt":{"rendered":"<p>Hemos migrado los cursos que encontrabas en la p\u00e1gina principal a este espacio donde encontrar\u00e1s todas tus formaciones juntas, si ten\u00edas alg\u00fan curso o c\u00e1psula en la p\u00e1gina anterior y no la encuentras, escribe a: info@brossahleyton.com\u00a0y lo resolvemos.<div class=\"et_pb_module divi_learndash_course_grid divi_learndash_course_grid_0\">\n\t\t\t\t\n\t\t\t\t\n\t\t\t\t\n\t\t\t\t\n\t\t\t\t\n\t\t\t\t\n\t\t\t\t<div class=\"et_pb_module_inner\">\n\t\t\t\t\t\t\t\t<!-- Divi LearnDash Theme Course grid -->\r\n\t\t\t<div class=\"module-dvld-cg-row\" data-gridcols=\"3\">\r\n\t\t\t\t\r\n\t\t\t\t\t<div class=\"module-dvld-cg-col\">\r\n\t\t\t\t\t\t<div class=\"module-dvld-course-inner\">\r\n\t\t\t\t\t\t\t<a href=\"https:\/\/formaciones.brossahleyton.com\/wp\/courses\/tarot-intuitivo\/\">\r\n\t\t\t\t\t\t\t\t<div class=\"module-dvld-course-img-container\">\r\n\t\t\t\t\t\t\t\t\t\t\t\t\t\t\t\t\t\t\t<img decoding=\"async\" src=\"https:\/\/formaciones.brossahleyton.com\/wp\/wp-content\/uploads\/2023\/07\/TAROT-INTUITIVO_reducida-1024x576.jpg\" alt=\"Tarot Intuitivo\">\r\n\t\t\t\t\t\t\t\t\t\t\t\t\t\t\t\t\t<\/div>\r\n\t\t\t\t\t\t\t<\/a>\r\n\t\t\t\t\t\t\t<div class=\"module-dvld-course-content\">\r\n\t\t\t\t\t\t\t\t<p class=\"module-dvld-course-category\">Tarot<\/p>\r\n\t\t\t\t\t\t\t\t<h4 class=\"course-title\">\r\n\t\t\t\t\t\t\t\t\t<a href=\"https:\/\/formaciones.brossahleyton.com\/wp\/courses\/tarot-intuitivo\/\">Tarot Intuitivo<\/a>\r\n\t\t\t\t\t\t\t\t<\/h4>\r\n\t\t\t\t\t\t\t\t<div class=\"module-dvld-course-info\">\r\n\t\t\t\t\t\t\t\t\t\t\t\t\t\t\t\t\t<\/div>\r\n\t\t\t\t\t\t\t\t<p class=\"module-dvld-course-text\"><\/p>\r\n\t\t\t\t\t\t\t<\/div>\r\n\t\t\t\t\t\t\t<div class=\"module-dvld-course-action\">\r\n\t\t\t\t\t\t\t\t\t\t\t\t\t\t\t\t<div class=\"module-dvld-course-btn\">\r\n\t\t\t\t\t\t\t\t\t<a class=\"et_pb_button\" href=\"https:\/\/formaciones.brossahleyton.com\/wp\/courses\/tarot-intuitivo\/\">&#8221;ACCEDE<\/a>\t\t\t\t\t\t\t\t<\/div>\r\n\t\t\t\t\t\t\t<\/div>\r\n\t\t\t\t\t\t<\/div>\r\n\t\t\t\t\t<\/div>\r\n\t\t\t\t\t\t\t<\/div>\r\n\n\t\t\t\t<\/div>\n\t\t\t<\/div><\/p>\n","protected":false},"author":1,"featured_media":0,"parent":0,"menu_order":0,"comment_status":"closed","ping_status":"closed","template":"","meta":{"_et_pb_use_builder":"on","_et_pb_old_content":"","_et_gb_content_width":"","footnotes":""},"class_list":["post-2682","page","type-page","status-publish","hentry"],"_links":{"self":[{"href":"https:\/\/formaciones.brossahleyton.com\/wp\/wp-json\/wp\/v2\/pages\/2682","targetHints":{"allow":["GET"]}}],"collection":[{"href":"https:\/\/formaciones.brossahleyton.com\/wp\/wp-json\/wp\/v2\/pages"}],"about":[{"href":"https:\/\/formaciones.brossahleyton.com\/wp\/wp-json\/wp\/v2\/types\/page"}],"author":[{"embeddable":true,"href":"https:\/\/formaciones.brossahleyton.com\/wp\/wp-json\/wp\/v2\/users\/1"}],"replies":[{"embeddable":true,"href":"https:\/\/formaciones.brossahleyton.com\/wp\/wp-json\/wp\/v2\/comments?post=2682"}],"version-history":[{"count":38,"href":"https:\/\/formaciones.brossahleyton.com\/wp\/wp-json\/wp\/v2\/pages\/2682\/revisions"}],"predecessor-version":[{"id":5927,"href":"https:\/\/formaciones.brossahleyton.com\/wp\/wp-json\/wp\/v2\/pages\/2682\/revisions\/5927"}],"wp:attachment":[{"href":"https:\/\/formaciones.brossahleyton.com\/wp\/wp-json\/wp\/v2\/media?parent=2682"}],"curies":[{"name":"wp","href":"https:\/\/api.w.org\/{rel}","templated":true}]}}